{"id":5785,"date":"2026-02-23T15:56:38","date_gmt":"2026-02-23T15:56:38","guid":{"rendered":"https:\/\/wp.csonakjavitas.hu\/?post_type=product&#038;p=5785"},"modified":"2026-02-26T12:15:33","modified_gmt":"2026-02-26T12:15:33","slug":"lindholm-kulteri-finn-szauna-egy-ketszemelyes","status":"publish","type":"product","link":"https:\/\/csonakjavitas.hu\/index.php\/termek\/lindholm-kulteri-finn-szauna-egy-ketszemelyes\/","title":{"rendered":"LINDHOLM k\u00fclt\u00e9ri finn szauna, egy-k\u00e9tszem\u00e9lyes"},"content":{"rendered":"<div id=\"product-50078\" class=\"post-50078 product type-product status-publish has-post-thumbnail product_cat-ujdonsagok product_cat-szauna product_cat-finn-szaunak product_cat-kulteri-szaunak product_tag-kulteri-szauna first instock taxable shipping-taxable purchasable product-type-simple\">\n<div id=\"product_details\" class=\"col\">\n<div class=\"summary entry-summary\">\n<form class=\"cart\" action=\"https:\/\/sanotechnikwebshop.hu\/termek\/lindholm-kulteri-finn-szauna-egy-ketszemelyes\/\" enctype=\"multipart\/form-data\" method=\"post\">\n<div class=\"dimensions\">\n<ul>\n<li><b>S\u00faly:\u00a0<\/b>300 kg<\/li>\n<\/ul>\n<\/div>\n<div class=\"attributes\"><\/div>\n<\/form>\n<div class=\"woocommerce-product-details__short-description\">\n<table width=\"453\">\n<tbody>\n<tr>\n<td colspan=\"2\" width=\"376\"><strong>M\u0171szaki adatok:<\/strong><\/td>\n<\/tr>\n<tr>\n<td>M\u00e9ret:<\/td>\n<td>128,2 x 120 x 194 cm<\/td>\n<\/tr>\n<tr>\n<td>Bels\u0151 m\u00e9ret:<\/td>\n<td>112,6 x 93,8 x 176,6 cm<\/td>\n<\/tr>\n<tr>\n<td>L\u00e1bazat:<\/td>\n<td>~ 128 x 120 cm<\/td>\n<\/tr>\n<tr>\n<td>\u00dcl\u0151fel\u00fclet:<\/td>\n<td>112,6 x 45 cm \u00e9s 107 x 22 cm.<\/td>\n<\/tr>\n<tr>\n<td>Falvastags\u00e1g:<\/td>\n<td>3,8 cm<\/td>\n<\/tr>\n<tr>\n<td>Fesz\u00fclts\u00e9g:<\/td>\n<td>AC 220-240 V \/ 16 A<\/td>\n<\/tr>\n<tr>\n<td>Szaunak\u00e1lyha:<\/td>\n<td>3.600 Watt<\/td>\n<\/tr>\n<tr>\n<td>Maximum h\u0151m\u00e9rs\u00e9klet:<\/td>\n<td>70-90\u00b0C<\/td>\n<\/tr>\n<tr>\n<td>Ajt\u00f3ny\u00edl\u00e1s:<\/td>\n<td>180 \u00b0<\/td>\n<\/tr>\n<\/tbody>\n<\/table>\n<p>&nbsp;<\/p>\n<\/div>\n<\/div>\n<\/div>\n<\/div>\n<div class=\"product_info\">\n<div class=\"content\">\n<table width=\"466\">\n<tbody>\n<tr>\n<td><strong>Tartoz\u00e9kok<\/strong>:<\/td>\n<td>elektromos szaunak\u00e1lyha<\/td>\n<\/tr>\n<tr>\n<td><\/td>\n<td>szaunak\u0151,\u00a0h\u0151- \u00e9s p\u00e1ram\u00e9r\u0151<\/td>\n<\/tr>\n<tr>\n<td><\/td>\n<td>szauna d\u00e9zsa \u00e9s fel\u00f6lt\u0151 kan\u00e1l, homok\u00f3ra<\/td>\n<\/tr>\n<tr>\n<td><\/td>\n<td>bels\u0151 vil\u00e1g\u00edt\u00e1s, izz\u00f3 n\u00e9lk\u00fcl (E27)<\/td>\n<\/tr>\n<\/tbody>\n<\/table>\n<p>&nbsp;<\/p>\n<table width=\"466\">\n<tbody>\n<tr>\n<td><strong>Anyag<\/strong>:<\/td>\n<td><\/td>\n<\/tr>\n<tr>\n<td>bel\u00fcl:<\/td>\n<td>lucfeny\u0151<\/td>\n<\/tr>\n<tr>\n<td>k\u00edv\u00fcl:<\/td>\n<td>h\u0151kezelt lucfeny\u0151<\/td>\n<\/tr>\n<tr>\n<td><\/td>\n<td>6 mm-es biztons\u00e1gi \u00fcveg<\/td>\n<\/tr>\n<tr>\n<td><\/td>\n<td>rozsdamentes p\u00e1ntok<\/td>\n<\/tr>\n<\/tbody>\n<\/table>\n<p>&nbsp;<\/p>\n<h3 data-start=\"119\" data-end=\"161\">Fontos tudnival\u00f3 \u2013 Fa fel\u00fclet kezel\u00e9se<\/h3>\n<p data-start=\"163\" data-end=\"378\">A term\u00e9k fa r\u00e9szeit\u00a0<strong data-start=\"183\" data-end=\"231\">k\u00f6telez\u0151 lakkszer\u0171 fav\u00e9d\u0151 bevonattal kezelni*<\/strong>. Ez a v\u00e9delem elengedhetetlen a fa id\u0151j\u00e1r\u00e1si hat\u00e1sokkal szembeni meg\u00f3v\u00e1s\u00e1hoz, valamint a hossz\u00fa t\u00e1v\u00fa haszn\u00e1lhat\u00f3s\u00e1g \u00e9s tart\u00f3ss\u00e1g biztos\u00edt\u00e1s\u00e1hoz.<\/p>\n<p data-start=\"380\" data-end=\"557\">A fel\u00fcletkezel\u00e9st a k\u00f6rnyezeti adotts\u00e1gok \u00e9s az id\u0151j\u00e1r\u00e1s f\u00fcggv\u00e9ny\u00e9ben\u00a0<strong data-start=\"450\" data-end=\"486\">id\u0151szakonk\u00e9nt meg kell ism\u00e9telni<\/strong>. A rendszeres karbantart\u00e1s elmulaszt\u00e1sa a fa k\u00e1rosod\u00e1s\u00e1hoz vezethet.<\/p>\n<p data-start=\"559\" data-end=\"668\">A nem megfelel\u0151 vagy hi\u00e1nyz\u00f3 fel\u00fcletkezel\u00e9sb\u0151l ered\u0151 probl\u00e9m\u00e1kra\u00a0<strong data-start=\"624\" data-end=\"667\">a j\u00f3t\u00e1ll\u00e1s \u00e9s szavatoss\u00e1g nem terjed ki<\/strong>.<\/p>\n<pre data-start=\"559\" data-end=\"668\"><em>*Nem tartoz\u00e9k.<\/em><\/pre>\n<\/div>\n<\/div>\n","protected":false},"excerpt":{"rendered":"<p>S\u00faly:\u00a0300 kg M\u0171szaki adatok: M\u00e9ret: 128,2 x 120 x 194 cm Bels\u0151 m\u00e9ret: 112,6 x 93,8 x 176,6 cm L\u00e1bazat: ~ 128 x 120 cm \u00dcl\u0151fel\u00fclet: 112,6 x 45 cm \u00e9s 107 x 22 cm. Falvastags\u00e1g: 3,8 cm Fesz\u00fclts\u00e9g: AC 220-240 V \/ 16 A Szaunak\u00e1lyha: 3.600 Watt Maximum h\u0151m\u00e9rs\u00e9klet: 70-90\u00b0C Ajt\u00f3ny\u00edl\u00e1s: 180 \u00b0 &nbsp; [&hellip;]<\/p>\n","protected":false},"featured_media":5898,"comment_status":"open","ping_status":"closed","template":"","meta":[],"product_brand":[],"product_cat":[87],"product_tag":[],"class_list":{"0":"post-5785","1":"product","2":"type-product","3":"status-publish","4":"has-post-thumbnail","6":"product_cat-sanotechnik-szauna","8":"first","9":"instock","10":"taxable","11":"shipping-taxable","12":"purchasable","13":"product-type-simple"},"jetpack_sharing_enabled":true,"_links":{"self":[{"href":"https:\/\/csonakjavitas.hu\/index.php\/wp-json\/wp\/v2\/product\/5785","targetHints":{"allow":["GET"]}}],"collection":[{"href":"https:\/\/csonakjavitas.hu\/index.php\/wp-json\/wp\/v2\/product"}],"about":[{"href":"https:\/\/csonakjavitas.hu\/index.php\/wp-json\/wp\/v2\/types\/product"}],"replies":[{"embeddable":true,"href":"https:\/\/csonakjavitas.hu\/index.php\/wp-json\/wp\/v2\/comments?post=5785"}],"wp:featuredmedia":[{"embeddable":true,"href":"https:\/\/csonakjavitas.hu\/index.php\/wp-json\/wp\/v2\/media\/5898"}],"wp:attachment":[{"href":"https:\/\/csonakjavitas.hu\/index.php\/wp-json\/wp\/v2\/media?parent=5785"}],"wp:term":[{"taxonomy":"product_brand","embeddable":true,"href":"https:\/\/csonakjavitas.hu\/index.php\/wp-json\/wp\/v2\/product_brand?post=5785"},{"taxonomy":"product_cat","embeddable":true,"href":"https:\/\/csonakjavitas.hu\/index.php\/wp-json\/wp\/v2\/product_cat?post=5785"},{"taxonomy":"product_tag","embeddable":true,"href":"https:\/\/csonakjavitas.hu\/index.php\/wp-json\/wp\/v2\/product_tag?post=5785"}],"curies":[{"name":"wp","href":"https:\/\/api.w.org\/{rel}","templated":true}]}}