{"id":5787,"date":"2026-02-23T15:56:38","date_gmt":"2026-02-23T15:56:38","guid":{"rendered":"https:\/\/wp.csonakjavitas.hu\/?post_type=product&#038;p=5787"},"modified":"2026-02-26T12:28:51","modified_gmt":"2026-02-26T12:28:51","slug":"ruby-2-ketszemelyes-infrakabin","status":"publish","type":"product","link":"https:\/\/csonakjavitas.hu\/index.php\/termek\/ruby-2-ketszemelyes-infrakabin\/","title":{"rendered":"RUBY 2 &#8211; k\u00e9tszem\u00e9lyes infrakabin"},"content":{"rendered":"<div id=\"product-36656\" class=\"post-36656 product type-product status-publish has-post-thumbnail product_cat-szauna product_cat-infrakabinok-es-szaunak product_cat-infrakabinok_teljes_spektrumu_sugarzoval first instock taxable shipping-taxable purchasable product-type-simple\">\n<div id=\"product_details\" class=\"col\">\n<div class=\"summary entry-summary\">\n<form class=\"cart\" action=\"https:\/\/sanotechnikwebshop.hu\/termek\/ruby-1-egyszemelyes-infrakabin\/\" enctype=\"multipart\/form-data\" method=\"post\">\n<div class=\"dimensions\">\n<ul>\n<li><b>S\u00faly:\u00a0<\/b>111 kg<\/li>\n<\/ul>\n<\/div>\n<div class=\"attributes\"><\/div>\n<\/form>\n<div class=\"woocommerce-product-details__short-description\">\n<table width=\"453\">\n<tbody>\n<tr>\n<td colspan=\"2\" width=\"453\"><strong>M\u0171szaki adatok<\/strong><\/td>\n<\/tr>\n<tr>\n<td>K\u00fcls\u0151 m\u00e9ret:<\/td>\n<td>90,5 x 100 x 195 cm<\/td>\n<\/tr>\n<tr>\n<td>Bels\u0151 m\u00e9ret:<\/td>\n<td>79 x 91 x 184 cm<\/td>\n<\/tr>\n<tr>\n<td>Ajt\u00f3ny\u00edl\u00e1s:<\/td>\n<td width=\"295\">53 cm<\/td>\n<\/tr>\n<tr>\n<td>Falvastags\u00e1g:<\/td>\n<td>\u00a04,4 cm<\/td>\n<\/tr>\n<tr>\n<td>Teljes\u00edtm\u00e9ny:<\/td>\n<td>1.550 Watt<\/td>\n<\/tr>\n<tr>\n<td>H\u00e1l\u00f3zati fesz\u00fclts\u00e9g:<\/td>\n<td>220-240 V \/ 50Hz<\/td>\n<\/tr>\n<\/tbody>\n<\/table>\n<p>&nbsp;<\/p>\n<\/div>\n<\/div>\n<\/div>\n<\/div>\n<div class=\"product_info\">\n<div class=\"content\">\n<table width=\"453\">\n<tbody>\n<tr>\n<td><strong>Jellemz\u0151k<\/strong>:<\/td>\n<td>1 szem\u00e9lyes<\/td>\n<\/tr>\n<tr>\n<td><\/td>\n<td>digit\u00e1lis kezel\u0151panel<\/td>\n<\/tr>\n<tr>\n<td><\/td>\n<td>sz\u00ednter\u00e1pi\u00e1s vil\u00e1g\u00edt\u00e1s<\/td>\n<\/tr>\n<tr>\n<td><\/td>\n<td>FM r\u00e1di\u00f3<\/td>\n<\/tr>\n<tr>\n<td><\/td>\n<td>USB-csatlakoz\u00f3<\/td>\n<\/tr>\n<tr>\n<td><\/td>\n<td>MP3-lej\u00e1tsz\u00f3<\/td>\n<\/tr>\n<tr>\n<td><\/td>\n<td>Bluetooth funkci\u00f3<\/td>\n<\/tr>\n<tr>\n<td><\/td>\n<td>2 hangsz\u00f3r\u00f3<\/td>\n<\/tr>\n<tr>\n<td><\/td>\n<td>4 teljes spektrum\u00fa sug\u00e1rz\u00f3<\/td>\n<\/tr>\n<tr>\n<td><\/td>\n<td>\u00fcl\u0151ke ergonomikus h\u00e1tt\u00e1ml\u00e1val<\/td>\n<\/tr>\n<tr>\n<td><\/td>\n<td>anyaga: Hemlock feny\u0151<\/td>\n<\/tr>\n<tr>\n<td><\/td>\n<td>6 mm-es sz\u00ednezett biztons\u00e1gi \u00fcveg<\/td>\n<\/tr>\n<\/tbody>\n<\/table>\n<\/div>\n<\/div>\n","protected":false},"excerpt":{"rendered":"<p>S\u00faly:\u00a0111 kg M\u0171szaki adatok K\u00fcls\u0151 m\u00e9ret: 90,5 x 100 x 195 cm Bels\u0151 m\u00e9ret: 79 x 91 x 184 cm Ajt\u00f3ny\u00edl\u00e1s: 53 cm Falvastags\u00e1g: \u00a04,4 cm Teljes\u00edtm\u00e9ny: 1.550 Watt H\u00e1l\u00f3zati fesz\u00fclts\u00e9g: 220-240 V \/ 50Hz &nbsp; Jellemz\u0151k: 1 szem\u00e9lyes digit\u00e1lis kezel\u0151panel sz\u00ednter\u00e1pi\u00e1s vil\u00e1g\u00edt\u00e1s FM r\u00e1di\u00f3 USB-csatlakoz\u00f3 MP3-lej\u00e1tsz\u00f3 Bluetooth funkci\u00f3 2 hangsz\u00f3r\u00f3 4 teljes spektrum\u00fa sug\u00e1rz\u00f3 [&hellip;]<\/p>\n","protected":false},"featured_media":5903,"comment_status":"open","ping_status":"closed","template":"","meta":[],"product_brand":[],"product_cat":[87],"product_tag":[],"class_list":{"0":"post-5787","1":"product","2":"type-product","3":"status-publish","4":"has-post-thumbnail","6":"product_cat-sanotechnik-szauna","8":"first","9":"instock","10":"taxable","11":"shipping-taxable","12":"purchasable","13":"product-type-simple"},"jetpack_sharing_enabled":true,"_links":{"self":[{"href":"https:\/\/csonakjavitas.hu\/index.php\/wp-json\/wp\/v2\/product\/5787","targetHints":{"allow":["GET"]}}],"collection":[{"href":"https:\/\/csonakjavitas.hu\/index.php\/wp-json\/wp\/v2\/product"}],"about":[{"href":"https:\/\/csonakjavitas.hu\/index.php\/wp-json\/wp\/v2\/types\/product"}],"replies":[{"embeddable":true,"href":"https:\/\/csonakjavitas.hu\/index.php\/wp-json\/wp\/v2\/comments?post=5787"}],"wp:featuredmedia":[{"embeddable":true,"href":"https:\/\/csonakjavitas.hu\/index.php\/wp-json\/wp\/v2\/media\/5903"}],"wp:attachment":[{"href":"https:\/\/csonakjavitas.hu\/index.php\/wp-json\/wp\/v2\/media?parent=5787"}],"wp:term":[{"taxonomy":"product_brand","embeddable":true,"href":"https:\/\/csonakjavitas.hu\/index.php\/wp-json\/wp\/v2\/product_brand?post=5787"},{"taxonomy":"product_cat","embeddable":true,"href":"https:\/\/csonakjavitas.hu\/index.php\/wp-json\/wp\/v2\/product_cat?post=5787"},{"taxonomy":"product_tag","embeddable":true,"href":"https:\/\/csonakjavitas.hu\/index.php\/wp-json\/wp\/v2\/product_tag?post=5787"}],"curies":[{"name":"wp","href":"https:\/\/api.w.org\/{rel}","templated":true}]}}