{"id":5794,"date":"2026-02-23T15:56:42","date_gmt":"2026-02-23T15:56:42","guid":{"rendered":"https:\/\/wp.csonakjavitas.hu\/?post_type=product&#038;p=5794"},"modified":"2026-02-26T11:59:17","modified_gmt":"2026-02-26T11:59:17","slug":"deluxe-infrakabin-negyszemelyes","status":"publish","type":"product","link":"https:\/\/csonakjavitas.hu\/index.php\/termek\/deluxe-infrakabin-negyszemelyes\/","title":{"rendered":"DELUXE infrakabin, n\u00e9gyszem\u00e9lyes"},"content":{"rendered":"<div id=\"product-37027\" class=\"post-37027 product type-product status-publish has-post-thumbnail product_cat-szauna product_cat-infrakabinok-es-szaunak product_cat-infrakabinok-szenszalas-lapsugarzoval product_cat-infrakabinok_teljes_spektrumu_sugarzoval product_tag-infrakabin first instock downloadable taxable shipping-taxable purchasable product-type-simple\">\n<div id=\"product_details\" class=\"col\">\n<div class=\"summary entry-summary\">\n<form class=\"cart\" action=\"https:\/\/sanotechnikwebshop.hu\/termek\/deluxe-infrakabin-negyszemelyes\/\" enctype=\"multipart\/form-data\" method=\"post\">\n<div class=\"dimensions\">\n<ul>\n<li><b>S\u00faly:\u00a0<\/b>200 kg<\/li>\n<\/ul>\n<\/div>\n<div class=\"attributes\"><\/div>\n<\/form>\n<div class=\"woocommerce-product-details__short-description\">\n<table width=\"453\">\n<tbody>\n<tr>\n<td colspan=\"2\" width=\"453\"><strong>M\u0171szaki adatok<\/strong><\/td>\n<\/tr>\n<tr>\n<td>K\u00fcls\u0151 m\u00e9ret:<\/td>\n<td>150 x 150 x 200 cm<\/td>\n<\/tr>\n<tr>\n<td>Bels\u0151 m\u00e9ret:<\/td>\n<td>140 x 140 x 188 cm<\/td>\n<\/tr>\n<tr>\n<td>Ajt\u00f3ny\u00edl\u00e1s:<\/td>\n<td width=\"295\">65 cm<\/td>\n<\/tr>\n<tr>\n<td>Falvastags\u00e1g:<\/td>\n<td>\u00a04,4 cm<\/td>\n<\/tr>\n<tr>\n<td>Teljes\u00edtm\u00e9ny:<\/td>\n<td>2.580 Watt<\/td>\n<\/tr>\n<tr>\n<td>H\u00e1l\u00f3zati fesz\u00fclts\u00e9g:<\/td>\n<td>220-240 V \/ 50Hz<\/td>\n<\/tr>\n<\/tbody>\n<\/table>\n<p>&nbsp;<\/p>\n<\/div>\n<\/div>\n<\/div>\n<\/div>\n<div class=\"product_info\">\n<div class=\"content\">\n<table width=\"600\">\n<tbody>\n<tr>\n<td><strong>Jellemz\u0151k<\/strong>:<\/td>\n<td>3-4 szem\u00e9lyes<\/td>\n<\/tr>\n<tr>\n<td><\/td>\n<td>digit\u00e1lis kezel\u0151panel<\/td>\n<\/tr>\n<tr>\n<td><\/td>\n<td>bels\u0151 vil\u00e1g\u00edt\u00e1s<\/td>\n<\/tr>\n<tr>\n<td><\/td>\n<td>sz\u00ednter\u00e1pi\u00e1s mennyezeti LED vil\u00e1g\u00edt\u00e1s<\/td>\n<\/tr>\n<tr>\n<td><\/td>\n<td>FM r\u00e1di\u00f3,\u00a0MP3-lej\u00e1tsz\u00f3, AUX, Bluetooth funkci\u00f3, SD-k\u00e1rtya olvas\u00f3<\/td>\n<\/tr>\n<tr>\n<td><\/td>\n<td>2 hangsz\u00f3r\u00f3<\/td>\n<\/tr>\n<tr>\n<td><\/td>\n<td>8 teljes spektrum\u00fa sug\u00e1rz\u00f3 (ebb\u0151l 6 \u00e1ll\u00edthat\u00f3 teljes\u00edtm\u00e9ny\u0171)<\/td>\n<\/tr>\n<tr>\n<td><\/td>\n<td>1 sz\u00e9nsz\u00e1las lapug\u00e1rz\u00f3<\/td>\n<\/tr>\n<tr>\n<td><\/td>\n<td>z\u00e1rhat\u00f3 szell\u0151z\u0151ny\u00edl\u00e1s<\/td>\n<\/tr>\n<tr>\n<td><\/td>\n<td>anyaga: Hemlock feny\u0151<\/td>\n<\/tr>\n<tr>\n<td><\/td>\n<td>8 mm-es biztons\u00e1gi \u00fcveg<\/td>\n<\/tr>\n<\/tbody>\n<\/table>\n<p>&nbsp;<\/p>\n<p>A term\u00e9k\u00a0h\u00e1zhoz sz\u00e1ll\u00edt\u00e1sa kapuig t\u00f6rt\u00e9n\u0151 sz\u00e1ll\u00edt\u00e1st jelent.<br \/>\nKiz\u00e1r\u00f3lag lakoss\u00e1gi haszn\u00e1latra.<br \/>\nA term\u00e9ket lapra szerelve sz\u00e1ll\u00edtjuk; \u00f6sszeszerel\u00e9st ig\u00e9nyel.<\/p>\n<\/div>\n<\/div>\n","protected":false},"excerpt":{"rendered":"<p>S\u00faly:\u00a0200 kg M\u0171szaki adatok K\u00fcls\u0151 m\u00e9ret: 150 x 150 x 200 cm Bels\u0151 m\u00e9ret: 140 x 140 x 188 cm Ajt\u00f3ny\u00edl\u00e1s: 65 cm Falvastags\u00e1g: \u00a04,4 cm Teljes\u00edtm\u00e9ny: 2.580 Watt H\u00e1l\u00f3zati fesz\u00fclts\u00e9g: 220-240 V \/ 50Hz &nbsp; Jellemz\u0151k: 3-4 szem\u00e9lyes digit\u00e1lis kezel\u0151panel bels\u0151 vil\u00e1g\u00edt\u00e1s sz\u00ednter\u00e1pi\u00e1s mennyezeti LED vil\u00e1g\u00edt\u00e1s FM r\u00e1di\u00f3,\u00a0MP3-lej\u00e1tsz\u00f3, AUX, Bluetooth funkci\u00f3, SD-k\u00e1rtya olvas\u00f3 2 [&hellip;]<\/p>\n","protected":false},"featured_media":5892,"comment_status":"open","ping_status":"closed","template":"","meta":[],"product_brand":[],"product_cat":[87],"product_tag":[],"class_list":{"0":"post-5794","1":"product","2":"type-product","3":"status-publish","4":"has-post-thumbnail","6":"product_cat-sanotechnik-szauna","8":"first","9":"instock","10":"taxable","11":"shipping-taxable","12":"purchasable","13":"product-type-simple"},"jetpack_sharing_enabled":true,"_links":{"self":[{"href":"https:\/\/csonakjavitas.hu\/index.php\/wp-json\/wp\/v2\/product\/5794","targetHints":{"allow":["GET"]}}],"collection":[{"href":"https:\/\/csonakjavitas.hu\/index.php\/wp-json\/wp\/v2\/product"}],"about":[{"href":"https:\/\/csonakjavitas.hu\/index.php\/wp-json\/wp\/v2\/types\/product"}],"replies":[{"embeddable":true,"href":"https:\/\/csonakjavitas.hu\/index.php\/wp-json\/wp\/v2\/comments?post=5794"}],"wp:featuredmedia":[{"embeddable":true,"href":"https:\/\/csonakjavitas.hu\/index.php\/wp-json\/wp\/v2\/media\/5892"}],"wp:attachment":[{"href":"https:\/\/csonakjavitas.hu\/index.php\/wp-json\/wp\/v2\/media?parent=5794"}],"wp:term":[{"taxonomy":"product_brand","embeddable":true,"href":"https:\/\/csonakjavitas.hu\/index.php\/wp-json\/wp\/v2\/product_brand?post=5794"},{"taxonomy":"product_cat","embeddable":true,"href":"https:\/\/csonakjavitas.hu\/index.php\/wp-json\/wp\/v2\/product_cat?post=5794"},{"taxonomy":"product_tag","embeddable":true,"href":"https:\/\/csonakjavitas.hu\/index.php\/wp-json\/wp\/v2\/product_tag?post=5794"}],"curies":[{"name":"wp","href":"https:\/\/api.w.org\/{rel}","templated":true}]}}