{"id":5798,"date":"2026-02-23T15:56:43","date_gmt":"2026-02-23T15:56:43","guid":{"rendered":"https:\/\/wp.csonakjavitas.hu\/?post_type=product&#038;p=5798"},"modified":"2026-02-26T11:46:17","modified_gmt":"2026-02-26T11:46:17","slug":"tallinn-finn-szauna-haromszemelyes","status":"publish","type":"product","link":"https:\/\/csonakjavitas.hu\/index.php\/termek\/tallinn-finn-szauna-haromszemelyes\/","title":{"rendered":"TALLINN finn szauna, h\u00e1romszem\u00e9lyes"},"content":{"rendered":"<div id=\"product-42773\" class=\"post-42773 product type-product status-publish has-post-thumbnail product_cat-szauna product_cat-finn-szaunak first instock downloadable taxable shipping-taxable purchasable product-type-simple\">\n<div id=\"product_details\" class=\"col\">\n<div class=\"summary entry-summary\">\n<form class=\"cart\" action=\"https:\/\/sanotechnikwebshop.hu\/termek\/tallinn-finn-szauna-haromszemelyes\/\" enctype=\"multipart\/form-data\" method=\"post\">\n<div class=\"dimensions\">\n<ul>\n<li><b>S\u00faly:\u00a0<\/b>282 kg<\/li>\n<\/ul>\n<\/div>\n<div class=\"attributes\"><\/div>\n<\/form>\n<div class=\"woocommerce-product-details__short-description\">\n<table width=\"453\">\n<tbody>\n<tr>\n<td colspan=\"2\" width=\"453\"><strong>M\u0171szaki adatok<\/strong><\/td>\n<\/tr>\n<tr>\n<td>M\u00e9ret:<\/td>\n<td>150 x 150 x 200\u00a0cm<\/td>\n<\/tr>\n<tr>\n<td>Bels\u0151 m\u00e9ret:<\/td>\n<td>140 x 140 x 188\u00a0cm<\/td>\n<\/tr>\n<tr>\n<td>Falvastags\u00e1g:<\/td>\n<td>5 cm<\/td>\n<\/tr>\n<tr>\n<td>Ajt\u00f3ny\u00edl\u00e1s:<\/td>\n<td>59 cm<\/td>\n<\/tr>\n<tr>\n<td>\u00dcl\u00e9sm\u00e9ret:<\/td>\n<td>140 x 45 cm \u00e9s\u00a0140 x 35 cm<\/td>\n<\/tr>\n<tr>\n<td>H\u00e1l\u00f3zati fesz\u00fclts\u00e9g:<\/td>\n<td>380 V<\/td>\n<\/tr>\n<tr>\n<td>Szaunak\u00e1lyha:<\/td>\n<td>6.000 Watt \/ 27 A<\/td>\n<\/tr>\n<\/tbody>\n<\/table>\n<p>&nbsp;<\/p>\n<\/div>\n<\/div>\n<\/div>\n<\/div>\n<div class=\"product_info\">\n<div class=\"content\">\n<table width=\"453\">\n<tbody>\n<tr>\n<td><strong>Tartoz\u00e9kok<\/strong>:<\/td>\n<td>HARVIA szaunak\u00e1lyha<\/td>\n<\/tr>\n<tr>\n<td><\/td>\n<td>szaunak\u0151,\u00a0szauna d\u00e9zsa \u00e9s fel\u00f6lt\u0151 kan\u00e1l<\/td>\n<\/tr>\n<tr>\n<td><\/td>\n<td>h\u0151- \u00e9s p\u00e1ram\u00e9r\u0151,\u00a0homok\u00f3ra<\/td>\n<\/tr>\n<tr>\n<td><\/td>\n<td>z\u00e1rhat\u00f3 szell\u0151z\u0151ny\u00edl\u00e1s<\/td>\n<\/tr>\n<tr>\n<td><\/td>\n<td>bels\u0151 vil\u00e1g\u00edt\u00e1s (E27 izz\u00f3 nem tartoz\u00e9k)<\/td>\n<\/tr>\n<\/tbody>\n<\/table>\n<p>&nbsp;<\/p>\n<table width=\"453\">\n<tbody>\n<tr>\n<td><strong>Anyag<\/strong>:<\/td>\n<td>Hemlock feny\u0151<\/td>\n<\/tr>\n<tr>\n<td><\/td>\n<td>rozsdamentes p\u00e1ntok<\/td>\n<\/tr>\n<tr>\n<td><\/td>\n<td>8 mm biztons\u00e1gi \u00fcveg<\/td>\n<\/tr>\n<\/tbody>\n<\/table>\n<\/div>\n<p>A term\u00e9k\u00a0h\u00e1zhoz sz\u00e1ll\u00edt\u00e1sa kapuig t\u00f6rt\u00e9n\u0151 sz\u00e1ll\u00edt\u00e1st jelent.<br \/>\nKiz\u00e1r\u00f3lag lakoss\u00e1gi haszn\u00e1latra.<br \/>\nA term\u00e9ket lapra szerelve sz\u00e1ll\u00edtjuk; \u00f6sszeszerel\u00e9st ig\u00e9nyel.<\/p>\n<\/div>\n","protected":false},"excerpt":{"rendered":"<p>S\u00faly:\u00a0282 kg M\u0171szaki adatok M\u00e9ret: 150 x 150 x 200\u00a0cm Bels\u0151 m\u00e9ret: 140 x 140 x 188\u00a0cm Falvastags\u00e1g: 5 cm Ajt\u00f3ny\u00edl\u00e1s: 59 cm \u00dcl\u00e9sm\u00e9ret: 140 x 45 cm \u00e9s\u00a0140 x 35 cm H\u00e1l\u00f3zati fesz\u00fclts\u00e9g: 380 V Szaunak\u00e1lyha: 6.000 Watt \/ 27 A &nbsp; Tartoz\u00e9kok: HARVIA szaunak\u00e1lyha szaunak\u0151,\u00a0szauna d\u00e9zsa \u00e9s fel\u00f6lt\u0151 kan\u00e1l h\u0151- \u00e9s p\u00e1ram\u00e9r\u0151,\u00a0homok\u00f3ra z\u00e1rhat\u00f3 [&hellip;]<\/p>\n","protected":false},"featured_media":5886,"comment_status":"open","ping_status":"closed","template":"","meta":[],"product_brand":[],"product_cat":[87],"product_tag":[],"class_list":{"0":"post-5798","1":"product","2":"type-product","3":"status-publish","4":"has-post-thumbnail","6":"product_cat-sanotechnik-szauna","8":"first","9":"instock","10":"taxable","11":"shipping-taxable","12":"purchasable","13":"product-type-simple"},"jetpack_sharing_enabled":true,"_links":{"self":[{"href":"https:\/\/csonakjavitas.hu\/index.php\/wp-json\/wp\/v2\/product\/5798","targetHints":{"allow":["GET"]}}],"collection":[{"href":"https:\/\/csonakjavitas.hu\/index.php\/wp-json\/wp\/v2\/product"}],"about":[{"href":"https:\/\/csonakjavitas.hu\/index.php\/wp-json\/wp\/v2\/types\/product"}],"replies":[{"embeddable":true,"href":"https:\/\/csonakjavitas.hu\/index.php\/wp-json\/wp\/v2\/comments?post=5798"}],"wp:featuredmedia":[{"embeddable":true,"href":"https:\/\/csonakjavitas.hu\/index.php\/wp-json\/wp\/v2\/media\/5886"}],"wp:attachment":[{"href":"https:\/\/csonakjavitas.hu\/index.php\/wp-json\/wp\/v2\/media?parent=5798"}],"wp:term":[{"taxonomy":"product_brand","embeddable":true,"href":"https:\/\/csonakjavitas.hu\/index.php\/wp-json\/wp\/v2\/product_brand?post=5798"},{"taxonomy":"product_cat","embeddable":true,"href":"https:\/\/csonakjavitas.hu\/index.php\/wp-json\/wp\/v2\/product_cat?post=5798"},{"taxonomy":"product_tag","embeddable":true,"href":"https:\/\/csonakjavitas.hu\/index.php\/wp-json\/wp\/v2\/product_tag?post=5798"}],"curies":[{"name":"wp","href":"https:\/\/api.w.org\/{rel}","templated":true}]}}