{"id":5799,"date":"2026-02-23T15:56:43","date_gmt":"2026-02-23T15:56:43","guid":{"rendered":"https:\/\/wp.csonakjavitas.hu\/?post_type=product&#038;p=5799"},"modified":"2026-02-26T11:50:55","modified_gmt":"2026-02-26T11:50:55","slug":"kiruna-infraszauna-3-4-szemelyes","status":"publish","type":"product","link":"https:\/\/csonakjavitas.hu\/index.php\/termek\/kiruna-infraszauna-3-4-szemelyes\/","title":{"rendered":"KIRUNA infraszauna, 3-4 szem\u00e9lyes"},"content":{"rendered":"<div id=\"product-47448\" class=\"post-47448 product type-product status-publish has-post-thumbnail product_cat-ujdonsagok product_cat-szauna product_cat-infrakabinok-es-szaunak product_cat-infrakabinok-szenszalas-lapsugarzoval product_cat-infrakabinok_teljes_spektrumu_sugarzoval first instock taxable shipping-taxable purchasable product-type-simple\">\n<div id=\"product_details\" class=\"col\">\n<div class=\"summary entry-summary\">\n<form class=\"cart\" action=\"https:\/\/sanotechnikwebshop.hu\/termek\/kiruna-infraszauna-3-4-szemelyes\/\" enctype=\"multipart\/form-data\" method=\"post\">\n<div class=\"dimensions\">\n<ul>\n<li><b>S\u00faly:\u00a0<\/b>282 kg<\/li>\n<\/ul>\n<\/div>\n<div class=\"attributes\"><\/div>\n<\/form>\n<div class=\"woocommerce-product-details__short-description\">\n<table width=\"530\">\n<tbody>\n<tr>\n<td colspan=\"2\" width=\"530\"><strong>M\u0171szaki adatok<\/strong><\/td>\n<\/tr>\n<tr>\n<td>K\u00fcls\u0151 m\u00e9ret:<\/td>\n<td>160 x 114,1 x 64,8 x 114,1 x 160\u00d7210 cm<\/td>\n<\/tr>\n<tr>\n<td>Bels\u0151 m\u00e9ret:<\/td>\n<td>151,4 x 107,5 x 61,6 x 107,8 x 154,8 x 186,8 cm<\/td>\n<\/tr>\n<tr>\n<td>\u00dcl\u0151fel\u00fclet:<\/td>\n<td>115 x 45 cm<\/td>\n<\/tr>\n<tr>\n<td>Ajt\u00f3ny\u00edl\u00e1s:<\/td>\n<td>58 cm<\/td>\n<\/tr>\n<tr>\n<td>H\u00e1l\u00f3zati fesz\u00fclts\u00e9g:<\/td>\n<td>220-240 V<\/td>\n<\/tr>\n<tr>\n<td>Teljes\u00edtm\u00e9ny:<\/td>\n<td>3.300 Watt<\/td>\n<\/tr>\n<\/tbody>\n<\/table>\n<p>&nbsp;<\/p>\n<\/div>\n<\/div>\n<\/div>\n<\/div>\n<div class=\"product_info\">\n<div class=\"content\">\n<table width=\"570\">\n<tbody>\n<tr>\n<td><strong>Jellemz\u0151k<\/strong>:<\/td>\n<td>anyaga: hemlokfeny\u0151 \u00e9s 8 mm-es biztons\u00e1gi \u00fcveg<\/td>\n<\/tr>\n<tr>\n<td><\/td>\n<td>full spektrum sug\u00e1rz\u00f3k:<\/td>\n<\/tr>\n<tr>\n<td><\/td>\n<td>\u2013 h\u00e1tsug\u00e1rz\u00f3: 2x 400 Watt (\u00e1ll\u00edthat\u00f3 teljes\u00edtm\u00e9ny\u0171)<\/td>\n<\/tr>\n<tr>\n<td><\/td>\n<td>\u2013 oldals\u00f3 sug\u00e1rz\u00f3k: 4x 400 Watt<\/td>\n<\/tr>\n<tr>\n<td><\/td>\n<td>lapsug\u00e1rz\u00f3k:<\/td>\n<\/tr>\n<tr>\n<td><\/td>\n<td>\u2013 pad alatti sug\u00e1rz\u00f3: 2x 300 Watt<\/td>\n<\/tr>\n<tr>\n<td><\/td>\n<td>\u2013 k\u00f6z\u00e9ps\u0151 sug\u00e1rz\u00f3: 300 Watt<\/td>\n<\/tr>\n<tr>\n<td><\/td>\n<td>digit\u00e1lis kezel\u0151panel<\/td>\n<\/tr>\n<tr>\n<td><\/td>\n<td>Bluetooth funkci\u00f3<\/td>\n<\/tr>\n<tr>\n<td><\/td>\n<td>sz\u00ednter\u00e1pi\u00e1s tet\u0151vil\u00e1g\u00edt\u00e1s 7 sz\u00ednnel<\/td>\n<\/tr>\n<tr>\n<td><\/td>\n<td>2 hangsz\u00f3r\u00f3<\/td>\n<\/tr>\n<tr>\n<td><\/td>\n<td>ergonomikus h\u00e1tt\u00e1ml\u00e1k<\/td>\n<\/tr>\n<\/tbody>\n<\/table>\n<p>&nbsp;<\/p>\n<\/div>\n<div class=\"summary entry-summary\">\n<div class=\"woocommerce-product-details__short-description\">\n<p>A term\u00e9k\u00a0h\u00e1zhoz sz\u00e1ll\u00edt\u00e1sa kapuig t\u00f6rt\u00e9n\u0151 sz\u00e1ll\u00edt\u00e1st jelent.<br \/>\nKiz\u00e1r\u00f3lag lakoss\u00e1gi haszn\u00e1latra.<br \/>\nA term\u00e9ket lapra szerelve sz\u00e1ll\u00edtjuk; \u00f6sszeszerel\u00e9st ig\u00e9nyel.<\/p>\n<\/div>\n<\/div>\n<div class=\"info_region\">\n<div><\/div>\n<\/div>\n<\/div>\n","protected":false},"excerpt":{"rendered":"<p>S\u00faly:\u00a0282 kg M\u0171szaki adatok K\u00fcls\u0151 m\u00e9ret: 160 x 114,1 x 64,8 x 114,1 x 160\u00d7210 cm Bels\u0151 m\u00e9ret: 151,4 x 107,5 x 61,6 x 107,8 x 154,8 x 186,8 cm \u00dcl\u0151fel\u00fclet: 115 x 45 cm Ajt\u00f3ny\u00edl\u00e1s: 58 cm H\u00e1l\u00f3zati fesz\u00fclts\u00e9g: 220-240 V Teljes\u00edtm\u00e9ny: 3.300 Watt &nbsp; Jellemz\u0151k: anyaga: hemlokfeny\u0151 \u00e9s 8 mm-es biztons\u00e1gi \u00fcveg full [&hellip;]<\/p>\n","protected":false},"featured_media":5888,"comment_status":"open","ping_status":"closed","template":"","meta":[],"product_brand":[],"product_cat":[87],"product_tag":[],"class_list":{"0":"post-5799","1":"product","2":"type-product","3":"status-publish","4":"has-post-thumbnail","6":"product_cat-sanotechnik-szauna","8":"first","9":"instock","10":"taxable","11":"shipping-taxable","12":"purchasable","13":"product-type-simple"},"jetpack_sharing_enabled":true,"_links":{"self":[{"href":"https:\/\/csonakjavitas.hu\/index.php\/wp-json\/wp\/v2\/product\/5799","targetHints":{"allow":["GET"]}}],"collection":[{"href":"https:\/\/csonakjavitas.hu\/index.php\/wp-json\/wp\/v2\/product"}],"about":[{"href":"https:\/\/csonakjavitas.hu\/index.php\/wp-json\/wp\/v2\/types\/product"}],"replies":[{"embeddable":true,"href":"https:\/\/csonakjavitas.hu\/index.php\/wp-json\/wp\/v2\/comments?post=5799"}],"wp:featuredmedia":[{"embeddable":true,"href":"https:\/\/csonakjavitas.hu\/index.php\/wp-json\/wp\/v2\/media\/5888"}],"wp:attachment":[{"href":"https:\/\/csonakjavitas.hu\/index.php\/wp-json\/wp\/v2\/media?parent=5799"}],"wp:term":[{"taxonomy":"product_brand","embeddable":true,"href":"https:\/\/csonakjavitas.hu\/index.php\/wp-json\/wp\/v2\/product_brand?post=5799"},{"taxonomy":"product_cat","embeddable":true,"href":"https:\/\/csonakjavitas.hu\/index.php\/wp-json\/wp\/v2\/product_cat?post=5799"},{"taxonomy":"product_tag","embeddable":true,"href":"https:\/\/csonakjavitas.hu\/index.php\/wp-json\/wp\/v2\/product_tag?post=5799"}],"curies":[{"name":"wp","href":"https:\/\/api.w.org\/{rel}","templated":true}]}}