{"id":5800,"date":"2026-02-23T15:56:43","date_gmt":"2026-02-23T15:56:43","guid":{"rendered":"https:\/\/wp.csonakjavitas.hu\/?post_type=product&#038;p=5800"},"modified":"2026-02-26T11:42:31","modified_gmt":"2026-02-26T11:42:31","slug":"comfort-relax-fotel-infrasugarzokkal","status":"publish","type":"product","link":"https:\/\/csonakjavitas.hu\/index.php\/termek\/comfort-relax-fotel-infrasugarzokkal\/","title":{"rendered":"COMFORT Relax fotel infrasug\u00e1rz\u00f3kkal"},"content":{"rendered":"<div id=\"product-26584\" class=\"post-26584 product type-product status-publish has-post-thumbnail product_cat-szauna product_cat-infrakabinok-es-szaunak product_cat-infrakabinok-szenszalas-lapsugarzoval first instock taxable shipping-taxable purchasable product-type-simple\">\n<div id=\"product_details\" class=\"col\">\n<div class=\"summary entry-summary\">\n<form class=\"cart\" action=\"https:\/\/sanotechnikwebshop.hu\/termek\/comfort-relax-fotel-infrasugarzokkal-h30410\/\" enctype=\"multipart\/form-data\" method=\"post\">\n<div class=\"dimensions\"><\/div>\n<\/form>\n<div class=\"woocommerce-product-details__short-description\">\n<p><strong>Teljes\u00edtm\u00e9ny<\/strong>: kb. 425 Watt<br \/>\n<strong>M\u00e9ret<\/strong>: 136x66x99 cm<\/p>\n<\/div>\n<\/div>\n<\/div>\n<\/div>\n<div class=\"product_info\">\n<div class=\"content\">\n<ul>\n<li>anyaga: Hemlock feny\u0151<\/li>\n<li>2 integr\u00e1lt sz\u00e9nsz\u00e1las lapsug\u00e1rz\u00f3<\/li>\n<li>digit\u00e1lis kezel\u0151panel<\/li>\n<li>S\u00faly: 22 kg<\/li>\n<\/ul>\n<p>&nbsp;<\/p>\n<p>Cikksz\u00e1m: H30410 \u2013 Egyed\u00fcl\u00e1ll\u00f3, Hemlock feny\u0151b\u0151l k\u00e9sz\u00fclt COMFORT RELAX fotel, magn\u00e9zium-oxid infrasug\u00e1rz\u00f3kkal \u00e9s kezel\u0151panellel. \u2013 \u00c9lvezze az infrasugarak j\u00f3t\u00e9kony hat\u00e1s\u00e1t akkor is, ha nincs el\u00e9g helye egy komplett infrakabinra! \u2013 COMFORT Relax fotel, mely magn\u00e9zium-oxid sug\u00e1rz\u00f3kkal \u00e9s kezel\u0151panellel rendelkezik. A egyed\u00fcl\u00e1ll\u00f3 term\u00e9k kiv\u00e1l\u00f3 min\u0151s\u00e9g\u0171 Hemlock feny\u0151b\u0151l k\u00e9sz\u00fclt, \u00e9s az integr\u00e1lt magn\u00e9zium-oxid infrasug\u00e1rz\u00f3k teljes\u00edtm\u00e9nye\u00a0 425 Watt.<\/p>\n<p>&nbsp;<\/p>\n<p>A gy\u00e1rt\u00e1s sor\u00e1n felhaszn\u00e1lt magn\u00e9zium-oxid sug\u00e1rz\u00f3 \u2013 s\u00f6t\u00e9t sug\u00e1rz\u00f3, \u00e1tfed\u00e9se: C \u00e9s B spektrum, hull\u00e1mhossza: 2.800-10.000 nm. A sug\u00e1rz\u00f3 egy hajl\u00edtott f\u00e9msz\u00e1l, amelyn\u00e9l el\u0151meleg\u00edt\u00e9sre van sz\u00fcks\u00e9g. Az energia jelent\u0151s r\u00e9sze a meleg\u00edt\u00e9sre ford\u00edt\u00f3dik. A sug\u00e1rz\u00e1s kiterjedt, a meleghat\u00e1s kellemes. Behatol\u00e1si m\u00e9lys\u00e9g: kb.1 mm. Manaps\u00e1g az infrav\u00f6r\u00f6s sugarak melege egyre ink\u00e1bb a test, a szellem \u00e9s a l\u00e9lek j\u00f3tev\u0151je. A k\u00edm\u00e9letes izzad\u00e1s a j\u00f3 k\u00f6z\u00e9rzet \u00e9s a sz\u00e9ps\u00e9g titka. Azon t\u00fal, hogy az infrav\u00f6r\u00f6s sugarak fokozz\u00e1k a vitalit\u00e1st \u00e9s az \u00e1ltal\u00e1nos teljes\u00edt\u0151k\u00e9pess\u00e9get, hat\u00e1sukra a b\u0151r feszesebb\u00e9, rugalmasabb\u00e1 v\u00e1lik. Az infrav\u00f6r\u00f6s m\u00e9lymeleg behatol a b\u0151r al\u00e1, a nyirokrendszeren \u00e9s az ereken kereszt\u00fcl fejti ki a szervezetben j\u00f3t\u00e9kony \u00e9s gy\u00f3gy\u00edt\u00f3 hat\u00e1s\u00e1t, ami \u00e1ltal fokoz\u00f3dik a v\u00e9rkering\u00e9s, javul az anyagcsere \u00e9s er\u0151s\u00f6dik az immunrendszer. Az infrav\u00f6r\u00f6s meleget az orvostudom\u00e1ny is sz\u00e9lesk\u00f6r\u0171en alkalmazza.<\/p>\n<\/div>\n<\/div>\n","protected":false},"excerpt":{"rendered":"<p>Teljes\u00edtm\u00e9ny: kb. 425 Watt M\u00e9ret: 136x66x99 cm anyaga: Hemlock feny\u0151 2 integr\u00e1lt sz\u00e9nsz\u00e1las lapsug\u00e1rz\u00f3 digit\u00e1lis kezel\u0151panel S\u00faly: 22 kg &nbsp; Cikksz\u00e1m: H30410 \u2013 Egyed\u00fcl\u00e1ll\u00f3, Hemlock feny\u0151b\u0151l k\u00e9sz\u00fclt COMFORT RELAX fotel, magn\u00e9zium-oxid infrasug\u00e1rz\u00f3kkal \u00e9s kezel\u0151panellel. \u2013 \u00c9lvezze az infrasugarak j\u00f3t\u00e9kony hat\u00e1s\u00e1t akkor is, ha nincs el\u00e9g helye egy komplett infrakabinra! \u2013 COMFORT Relax fotel, mely magn\u00e9zium-oxid [&hellip;]<\/p>\n","protected":false},"featured_media":5884,"comment_status":"open","ping_status":"closed","template":"","meta":[],"product_brand":[],"product_cat":[87],"product_tag":[],"class_list":{"0":"post-5800","1":"product","2":"type-product","3":"status-publish","4":"has-post-thumbnail","6":"product_cat-sanotechnik-szauna","8":"first","9":"instock","10":"taxable","11":"shipping-taxable","12":"purchasable","13":"product-type-simple"},"jetpack_sharing_enabled":true,"_links":{"self":[{"href":"https:\/\/csonakjavitas.hu\/index.php\/wp-json\/wp\/v2\/product\/5800","targetHints":{"allow":["GET"]}}],"collection":[{"href":"https:\/\/csonakjavitas.hu\/index.php\/wp-json\/wp\/v2\/product"}],"about":[{"href":"https:\/\/csonakjavitas.hu\/index.php\/wp-json\/wp\/v2\/types\/product"}],"replies":[{"embeddable":true,"href":"https:\/\/csonakjavitas.hu\/index.php\/wp-json\/wp\/v2\/comments?post=5800"}],"wp:featuredmedia":[{"embeddable":true,"href":"https:\/\/csonakjavitas.hu\/index.php\/wp-json\/wp\/v2\/media\/5884"}],"wp:attachment":[{"href":"https:\/\/csonakjavitas.hu\/index.php\/wp-json\/wp\/v2\/media?parent=5800"}],"wp:term":[{"taxonomy":"product_brand","embeddable":true,"href":"https:\/\/csonakjavitas.hu\/index.php\/wp-json\/wp\/v2\/product_brand?post=5800"},{"taxonomy":"product_cat","embeddable":true,"href":"https:\/\/csonakjavitas.hu\/index.php\/wp-json\/wp\/v2\/product_cat?post=5800"},{"taxonomy":"product_tag","embeddable":true,"href":"https:\/\/csonakjavitas.hu\/index.php\/wp-json\/wp\/v2\/product_tag?post=5800"}],"curies":[{"name":"wp","href":"https:\/\/api.w.org\/{rel}","templated":true}]}}