{"id":5803,"date":"2026-02-23T15:56:43","date_gmt":"2026-02-23T15:56:43","guid":{"rendered":"https:\/\/wp.csonakjavitas.hu\/?post_type=product&#038;p=5803"},"modified":"2026-03-30T09:52:11","modified_gmt":"2026-03-30T09:52:11","slug":"orion-proline-11kw","status":"publish","type":"product","link":"https:\/\/csonakjavitas.hu\/index.php\/termek\/orion-proline-11kw\/","title":{"rendered":"Orion Proline 11kW h\u0151szivatty\u00fa"},"content":{"rendered":"<p>A berendez\u00e9s a k\u00f6vetkez\u0151 rendszerekben haszn\u00e1lhat\u00f3:<br \/>\n&#8211; haszn\u00e1lati melegv\u00edz el\u0151\u00e1ll\u00edt\u00e1sa<br \/>\n&#8211; f\u0171t\u00e9s radi\u00e1torral\/padl\u00f3f\u0171t\u00e9ssel<br \/>\n&#8211; fan coil f\u0171t\u00e9s \/ h\u0171t\u00e9s<\/p>\n<p>F\u0170T\u00c9S &#8211; a k\u00f6rnyezeti h\u0151m\u00e9rs\u00e9klet (DB\/WB) 7\/6\u00baC, v\u00edz h\u0151m\u00e9rs\u00e9klete: (BE\/KI): 30\/35 \u00baC<br \/>\nF\u0171t\u00e9si teljes\u00edtm\u00e9ny tartom\u00e1ny (kW):\u00a04,5 &#8211; 11,4<br \/>\nF\u0171t\u00e9si teljes\u00edtm\u00e9ny bemeneti tartom\u00e1ny (kW):\u00a00,85 &#8211;\u00a02,95<br \/>\nCOP &#8211; hat\u00e9konys\u00e1gi fok tartom\u00e1ny: 3,86 &#8211; 5,29<\/p>\n<p>HASZN\u00c1LATI MELEGV\u00cdZ &#8211; a k\u00f6rnyezeti h\u0151m\u00e9rs\u00e9klet (DB\/WB) 7\/6\u00baC, v\u00edz h\u0151m\u00e9rs\u00e9klete: (BE\/KI): 15\/55 \u00baC<br \/>\nF\u0171t\u00e9si teljes\u00edtm\u00e9ny tartom\u00e1ny (kW): 5,2\u00a0&#8211;\u00a010,2<br \/>\nF\u0171t\u00e9si teljes\u00edtm\u00e9ny bemeneti tartom\u00e1ny (kW): 1,10 &#8211;\u00a02,87<br \/>\nCOP &#8211; hat\u00e9konys\u00e1gi fok tartom\u00e1ny: 3,55 &#8211; 4,71<br \/>\nF\u0171t\u00f6tt v\u00edz teljes\u00edtm\u00e9ny (liter\/\u00f3ra): 219<\/p>\n<p>H\u0170T\u00c9S &#8211; a k\u00f6rnyezeti h\u0151m\u00e9rs\u00e9kletet\u00a0(DB\/WB) 35\/24\u00baC,\u00a0v\u00edz h\u0151m\u00e9rs\u00e9klete: (BE\/KI): 12\/7\u00baC<br \/>\nH\u0171t\u00e9si teljes\u00edtm\u00e9ny tartom\u00e1ny (kW): 3,3 &#8211;\u00a08,2<br \/>\nH\u0171t\u00e9si teljes\u00edtm\u00e9ny bemeneti tartom\u00e1ny (kW): 1,08\u00a0&#8211; 3,07<br \/>\nEER &#8211; energia hat\u00e9konys\u00e1gi j\u00f3s\u00e1gi fok: 2,67 &#8211; 3,06<br \/>\nErP besorol\u00e1s (35C): A+++<br \/>\nErP besorol\u00e1s (55C): A++<br \/>\nH\u0171t\u0151k\u00f6zeg: R290\/0,95 kg<br \/>\nT\u00e1pfesz\u00fclts\u00e9g: 230V \/ 1 f\u00e1zis \/50Hz-60Hz<br \/>\n\u00c1ram(A): 3,9 &#8211; 14,1<br \/>\nMaxim\u00e1lis \u00e1ram (A):\u00a018,8<br \/>\nBiztos\u00edt\u00e9k \/ megszak\u00edt\u00f3 (A):\u00a025<br \/>\nA huzal \u00e1tm\u00e9r\u0151je mm2:\u00a04<br \/>\n\u00c1ram\u00fct\u00e9s elleni v\u00e9delmi oszt\u00e1ly: I<br \/>\nIP v\u00e9detts\u00e9g: IPX4<br \/>\nV\u00edzcsatlakoz\u00f3 cs\u0151m\u00e9ret (mm): DN25<br \/>\nV\u00edz cirkul\u00e1ci\u00f3 (m3\/H):\u00a01,97<br \/>\nV\u00edznyom\u00e1ses\u00e9s (kPa): 35<br \/>\nV\u00edzoldali h\u0151cser\u00e9l\u0151 t\u00edpus: lemezes<br \/>\nLeveg\u0151 oldali h\u0151cser\u00e9l\u0151 t\u00edpus: elp\u00e1rologtat\u00f3<br \/>\nGWP\/CO2 kg: 3\/2,85<br \/>\nMax. \u00fczemi nyom\u00e1s MPa: 3,2<br \/>\nMaxim\u00e1lis v\u00edzmagass\u00e1g (m): 9<br \/>\nZajszint dB(A): \u226450<br \/>\nNett\u00f3 s\u00faly (kg): 120<br \/>\nM\u00e9retek (hossz\/sz\u00e9less\u00e9g\/magass\u00e1g) mm: 1080x460x960<br \/>\n\u00dczemi k\u00f6rnyezeti h\u0151m\u00e9rs\u00e9klet: -25\u00baC &#8211; +43\u00baC<br \/>\n\u00dczemi v\u00edzh\u0151m\u00e9rs\u00e9klet haszn\u00e1lati melegv\u00edz: +20\u00baC &#8211; +65\u00baC<br \/>\n\u00dczemi v\u00edzh\u0151m\u00e9rs\u00e9klet f\u0171t\u00e9s: +20\u00baC &#8211; +70\u00baC<br \/>\n\u00dczemi v\u00edzh\u0151m\u00e9rs\u00e9klet h\u0171t\u00e9s:\u00a0 +7\u00baC &#8211; +35\u00baC<\/p>\n<p>&nbsp;<\/p>\n<p>Ha b\u00e1rhol olcs\u00f3bb k\u00e9rem sz\u00f3ljon!<\/p>\n","protected":false},"excerpt":{"rendered":"<p>A berendez\u00e9s a k\u00f6vetkez\u0151 rendszerekben haszn\u00e1lhat\u00f3: &#8211; haszn\u00e1lati melegv\u00edz el\u0151\u00e1ll\u00edt\u00e1sa &#8211; f\u0171t\u00e9s radi\u00e1torral\/padl\u00f3f\u0171t\u00e9ssel &#8211; fan coil f\u0171t\u00e9s \/ h\u0171t\u00e9s F\u0170T\u00c9S &#8211; a k\u00f6rnyezeti h\u0151m\u00e9rs\u00e9klet (DB\/WB) 7\/6\u00baC, v\u00edz h\u0151m\u00e9rs\u00e9klete: (BE\/KI): 30\/35 \u00baC F\u0171t\u00e9si teljes\u00edtm\u00e9ny tartom\u00e1ny (kW):\u00a04,5 &#8211; 11,4 F\u0171t\u00e9si teljes\u00edtm\u00e9ny bemeneti tartom\u00e1ny (kW):\u00a00,85 &#8211;\u00a02,95 COP &#8211; hat\u00e9konys\u00e1gi fok tartom\u00e1ny: 3,86 &#8211; 5,29 HASZN\u00c1LATI MELEGV\u00cdZ &#8211; a [&hellip;]<\/p>\n","protected":false},"featured_media":2433,"comment_status":"open","ping_status":"closed","template":"","meta":[],"product_brand":[],"product_cat":[88],"product_tag":[],"class_list":{"0":"post-5803","1":"product","2":"type-product","3":"status-publish","4":"has-post-thumbnail","6":"product_cat-hoszivattyu-futesre","8":"first","9":"instock","10":"taxable","11":"shipping-taxable","12":"purchasable","13":"product-type-simple"},"jetpack_sharing_enabled":true,"_links":{"self":[{"href":"https:\/\/csonakjavitas.hu\/index.php\/wp-json\/wp\/v2\/product\/5803","targetHints":{"allow":["GET"]}}],"collection":[{"href":"https:\/\/csonakjavitas.hu\/index.php\/wp-json\/wp\/v2\/product"}],"about":[{"href":"https:\/\/csonakjavitas.hu\/index.php\/wp-json\/wp\/v2\/types\/product"}],"replies":[{"embeddable":true,"href":"https:\/\/csonakjavitas.hu\/index.php\/wp-json\/wp\/v2\/comments?post=5803"}],"wp:featuredmedia":[{"embeddable":true,"href":"https:\/\/csonakjavitas.hu\/index.php\/wp-json\/wp\/v2\/media\/2433"}],"wp:attachment":[{"href":"https:\/\/csonakjavitas.hu\/index.php\/wp-json\/wp\/v2\/media?parent=5803"}],"wp:term":[{"taxonomy":"product_brand","embeddable":true,"href":"https:\/\/csonakjavitas.hu\/index.php\/wp-json\/wp\/v2\/product_brand?post=5803"},{"taxonomy":"product_cat","embeddable":true,"href":"https:\/\/csonakjavitas.hu\/index.php\/wp-json\/wp\/v2\/product_cat?post=5803"},{"taxonomy":"product_tag","embeddable":true,"href":"https:\/\/csonakjavitas.hu\/index.php\/wp-json\/wp\/v2\/product_tag?post=5803"}],"curies":[{"name":"wp","href":"https:\/\/api.w.org\/{rel}","templated":true}]}}