{"id":5850,"date":"2026-02-25T10:05:24","date_gmt":"2026-02-25T10:05:24","guid":{"rendered":"https:\/\/wp.csonakjavitas.hu\/?post_type=product&#038;p=5850"},"modified":"2026-03-30T10:18:48","modified_gmt":"2026-03-30T10:18:48","slug":"rhino-blx-65bmr-electric-outboard-motor","status":"publish","type":"product","link":"https:\/\/csonakjavitas.hu\/index.php\/termek\/rhino-blx-65bmr-electric-outboard-motor\/","title":{"rendered":"Rhino BLX 65BMR elektromos orrmotor"},"content":{"rendered":"<p>A Rhino BLX 65BMR Elektromos Cs\u00f3nakmotor magas teljes\u00edtm\u00e9ny\u0171 eszk\u00f6z, amely ide\u00e1lis v\u00e1laszt\u00e1s a v\u00edzi kalandokhoz.<\/p>\n<p>A 65 lbs tol\u00f3er\u0151 \u00e9s az 520 W maxim\u00e1lis teljes\u00edtm\u00e9ny garant\u00e1lja a hat\u00e9kony \u00e9s g\u00f6rd\u00fcl\u00e9keny halad\u00e1st. Az alum\u00ednium-kompozit tengely k\u00f6nny\u0171 \u00e9s tart\u00f3s, m\u00edg a propeller mer\u00fcl\u00e9si m\u00e9lys\u00e9ge k\u00f6nnyen be\u00e1ll\u00edthat\u00f3, hogy megfeleljen minden helyzetnek.<\/p>\n<p>A mell\u00e9kelt t\u00e1vir\u00e1ny\u00edt\u00f3 lehet\u0151v\u00e9 teszi a motor \u00e9s a korm\u00e1nyz\u00e1s egyszer\u0171 vez\u00e9rl\u00e9s\u00e9t, m\u00edg a Neodym szuperm\u00e1gnesekkel felszerelt Brushed Motor kiv\u00e1l\u00f3 teljes\u00edtm\u00e9nyt ny\u00fajt.<\/p>\n<p>Az Auto Electronic Protection rendszer v\u00e9di a motort a t\u00falfesz\u00fclts\u00e9g, a r\u00f6vidz\u00e1rlat \u00e9s a t\u00falterhel\u00e9s ellen.<\/p>\n<p>Kompatibilis a Lithium akkumul\u00e1torokkal, \u00e9s k\u00f6nny\u0171 alu-kompozit tengelye biztos\u00edtja a hossz\u00fa \u00e9lettartamot.<\/p>\n","protected":false},"excerpt":{"rendered":"<p>A Rhino BLX 65BMR Elektromos Cs\u00f3nakmotor magas teljes\u00edtm\u00e9ny\u0171 eszk\u00f6z, amely ide\u00e1lis v\u00e1laszt\u00e1s a v\u00edzi kalandokhoz. A 65 lbs tol\u00f3er\u0151 \u00e9s az 520 W maxim\u00e1lis teljes\u00edtm\u00e9ny garant\u00e1lja a hat\u00e9kony \u00e9s g\u00f6rd\u00fcl\u00e9keny halad\u00e1st. Az alum\u00ednium-kompozit tengely k\u00f6nny\u0171 \u00e9s tart\u00f3s, m\u00edg a propeller mer\u00fcl\u00e9si m\u00e9lys\u00e9ge k\u00f6nnyen be\u00e1ll\u00edthat\u00f3, hogy megfeleljen minden helyzetnek. A mell\u00e9kelt t\u00e1vir\u00e1ny\u00edt\u00f3 lehet\u0151v\u00e9 teszi a motor [&hellip;]<\/p>\n","protected":false},"featured_media":6327,"comment_status":"open","ping_status":"closed","template":"","meta":[],"product_brand":[],"product_cat":[77],"product_tag":[],"class_list":{"0":"post-5850","1":"product","2":"type-product","3":"status-publish","4":"has-post-thumbnail","6":"product_cat-rhino","8":"first","9":"instock","10":"taxable","11":"shipping-taxable","12":"purchasable","13":"product-type-simple"},"jetpack_sharing_enabled":true,"_links":{"self":[{"href":"https:\/\/csonakjavitas.hu\/index.php\/wp-json\/wp\/v2\/product\/5850","targetHints":{"allow":["GET"]}}],"collection":[{"href":"https:\/\/csonakjavitas.hu\/index.php\/wp-json\/wp\/v2\/product"}],"about":[{"href":"https:\/\/csonakjavitas.hu\/index.php\/wp-json\/wp\/v2\/types\/product"}],"replies":[{"embeddable":true,"href":"https:\/\/csonakjavitas.hu\/index.php\/wp-json\/wp\/v2\/comments?post=5850"}],"wp:featuredmedia":[{"embeddable":true,"href":"https:\/\/csonakjavitas.hu\/index.php\/wp-json\/wp\/v2\/media\/6327"}],"wp:attachment":[{"href":"https:\/\/csonakjavitas.hu\/index.php\/wp-json\/wp\/v2\/media?parent=5850"}],"wp:term":[{"taxonomy":"product_brand","embeddable":true,"href":"https:\/\/csonakjavitas.hu\/index.php\/wp-json\/wp\/v2\/product_brand?post=5850"},{"taxonomy":"product_cat","embeddable":true,"href":"https:\/\/csonakjavitas.hu\/index.php\/wp-json\/wp\/v2\/product_cat?post=5850"},{"taxonomy":"product_tag","embeddable":true,"href":"https:\/\/csonakjavitas.hu\/index.php\/wp-json\/wp\/v2\/product_tag?post=5850"}],"curies":[{"name":"wp","href":"https:\/\/api.w.org\/{rel}","templated":true}]}}