{"id":6381,"date":"2026-04-23T12:36:35","date_gmt":"2026-04-23T12:36:35","guid":{"rendered":"https:\/\/csonakjavitas.hu\/?post_type=product&#038;p=6381"},"modified":"2026-04-27T10:47:42","modified_gmt":"2026-04-27T10:47:42","slug":"aqua-forte-smart-inverter-13kw","status":"publish","type":"product","link":"https:\/\/csonakjavitas.hu\/index.php\/termek\/aqua-forte-smart-inverter-13kw\/","title":{"rendered":"Aqua Forte Smart inverter 13kw h\u0151szivatty\u00fa"},"content":{"rendered":"<p>H\u0151szivatty\u00fa k\u00fclt\u00e9ri medenc\u00e9khez, csendes \u00e9s energiatakar\u00e9kos m\u0171k\u00f6d\u00e9ssel, kevesebb zaj mellett. M\u0171k\u00f6d\u00e9si h\u0151m\u00e9rs\u00e9klet -5 \u00b0C. Aquaforte Smart h\u0151szivatty\u00fa fokozatmentes DC inverter technologi\u00e1val a hat\u00e9kony, gazdas\u00e1gos \u00e9s csendes m\u0171k\u00f6d\u00e9s\u00e9rt.<br \/>\nWiFi APP seg\u00edts\u00e9g\u00e9vel mobiltelefonra csatlakoztathat\u00f3.<\/p>\n<p>&#8211; Automatikus leolvaszt\u00e1s<br \/>\n&#8211; H\u0171t\u00e9s &#8211; F\u0171t\u00e9s \u00fczemm\u00f3d<br \/>\n&#8211; Alacsony zajszint<br \/>\n&#8211; \u00c9rint\u0151k\u00e9perny\u0151s vez\u00e9rl\u00e9s<br \/>\n&#8211; Wifi APP vez\u00e9rl\u00e9s<br \/>\n&#8211; Tit\u00e1n h\u0151cser\u00e9l\u0151 Kompresszor \/ g\u00e1z \/ h\u0151cser\u00e9l\u0151: Fokozat n\u00e9lk\u00fcli inverteres kompresszor \/<br \/>\nR32g\u00e1z \/ Twisted Tit\u00e1n h\u0151cser\u00e9l\u0151 Ventill\u00e1tor inverteres fokozat n\u00e9lk\u00fcli kefementes motor. Burkolat ABS burkolat, Lemez fed\u00e9l. M\u0171k\u00f6d\u00e9si h\u0151m\u00e9rs\u00e9klet -5 \u00b0C Leveg\u0151 27\u00b0<br \/>\nP\u00e1ratart.<br \/>\n80%<br \/>\nV\u00edz h\u0151m. 27\u00baTeljes\u00edtm\u00e9ny<br \/>\nCOP<br \/>\nCOP 50% -os sebess\u00e9gn\u00e9l13,0 13,5-6,5 9,8Leveg\u0151 15\u00b0<br \/>\nP\u00e1ratart.<br \/>\n70%<br \/>\nV\u00edz h\u0151m. 26\u00baTeljes\u00edtm\u00e9ny<br \/>\nCOP<br \/>\nCOP 50% -os sebess\u00e9gn\u00e9l 9,0 7-4,7 6,4<\/p>\n<p>Garancia5 \u00e9v kompresszor, 2 \u00e9v t\u00f6bbi alkatr\u00e9sz Vez\u00e9rl\u00e9s Kerek \u00e9rint\u0151 vez\u00e9rl\u0151, digit\u00e1lis kijelz\u00e9s<br \/>\nWiFI telefonos APP T\u00e1pfesz\u00fclts\u00e9g \/ min. k\u00e1bel m\u00e9retV180 &#8211; 260 \/50Hz 1f\u00e1zis 3&#215;2.5mm2<br \/>\nN\u00e9vleges bemeneti teljes\u00edtm\u00e9ny kw0,34-1,91<\/p>\n<p>N\u00e9vleges bemeneti \u00e1ram A1,5-8,3<\/p>\n<p>Max. \u00e1ram A12,5A<\/p>\n<p>Aj\u00e1nlott medence m\u00e9ret takar\u00e1ssalm335 ~ 65Csatlakoz\u00e1s \/ Aj\u00e1nlott \u00e1raml\u00e1si sebess\u00e9gm3\/hD50 \/ 4 ~ 6m3<\/p>\n","protected":false},"excerpt":{"rendered":"<p>H\u0151szivatty\u00fa k\u00fclt\u00e9ri medenc\u00e9khez, csendes \u00e9s energiatakar\u00e9kos m\u0171k\u00f6d\u00e9ssel, kevesebb zaj mellett. M\u0171k\u00f6d\u00e9si h\u0151m\u00e9rs\u00e9klet -5 \u00b0C. Aquaforte Smart h\u0151szivatty\u00fa fokozatmentes DC inverter technologi\u00e1val a hat\u00e9kony, gazdas\u00e1gos \u00e9s csendes m\u0171k\u00f6d\u00e9s\u00e9rt. WiFi APP seg\u00edts\u00e9g\u00e9vel mobiltelefonra csatlakoztathat\u00f3. &#8211; Automatikus leolvaszt\u00e1s &#8211; H\u0171t\u00e9s &#8211; F\u0171t\u00e9s \u00fczemm\u00f3d &#8211; Alacsony zajszint &#8211; \u00c9rint\u0151k\u00e9perny\u0151s vez\u00e9rl\u00e9s &#8211; Wifi APP vez\u00e9rl\u00e9s &#8211; Tit\u00e1n h\u0151cser\u00e9l\u0151 Kompresszor \/ [&hellip;]<\/p>\n","protected":false},"featured_media":6380,"comment_status":"open","ping_status":"closed","template":"","meta":[],"product_brand":[],"product_cat":[89],"product_tag":[],"class_list":{"0":"post-6381","1":"product","2":"type-product","3":"status-publish","4":"has-post-thumbnail","6":"product_cat-hoszivattyu-medence","8":"first","9":"instock","10":"taxable","11":"shipping-taxable","12":"purchasable","13":"product-type-simple"},"jetpack_sharing_enabled":true,"_links":{"self":[{"href":"https:\/\/csonakjavitas.hu\/index.php\/wp-json\/wp\/v2\/product\/6381","targetHints":{"allow":["GET"]}}],"collection":[{"href":"https:\/\/csonakjavitas.hu\/index.php\/wp-json\/wp\/v2\/product"}],"about":[{"href":"https:\/\/csonakjavitas.hu\/index.php\/wp-json\/wp\/v2\/types\/product"}],"replies":[{"embeddable":true,"href":"https:\/\/csonakjavitas.hu\/index.php\/wp-json\/wp\/v2\/comments?post=6381"}],"wp:featuredmedia":[{"embeddable":true,"href":"https:\/\/csonakjavitas.hu\/index.php\/wp-json\/wp\/v2\/media\/6380"}],"wp:attachment":[{"href":"https:\/\/csonakjavitas.hu\/index.php\/wp-json\/wp\/v2\/media?parent=6381"}],"wp:term":[{"taxonomy":"product_brand","embeddable":true,"href":"https:\/\/csonakjavitas.hu\/index.php\/wp-json\/wp\/v2\/product_brand?post=6381"},{"taxonomy":"product_cat","embeddable":true,"href":"https:\/\/csonakjavitas.hu\/index.php\/wp-json\/wp\/v2\/product_cat?post=6381"},{"taxonomy":"product_tag","embeddable":true,"href":"https:\/\/csonakjavitas.hu\/index.php\/wp-json\/wp\/v2\/product_tag?post=6381"}],"curies":[{"name":"wp","href":"https:\/\/api.w.org\/{rel}","templated":true}]}}